

{"id":187,"date":"2015-09-28T15:29:49","date_gmt":"2015-09-28T15:29:49","guid":{"rendered":"https:\/\/dss.irisa.fr\/?page_id=187"},"modified":"2015-11-25T16:30:46","modified_gmt":"2015-11-25T16:30:46","slug":"english-workshops","status":"publish","type":"page","link":"https:\/\/dss.irisa.fr\/en\/english-workshops\/","title":{"rendered":"WORKSHOPS"},"content":{"rendered":"<p><em><a href=\"https:\/\/dss.irisa.fr\/files\/2015\/10\/workshops.png\"><img loading=\"lazy\" decoding=\"async\" class=\" size-full wp-image-290 alignleft\" src=\"https:\/\/dss.irisa.fr\/files\/2015\/10\/workshops.png\" alt=\"workshops\" width=\"503\" height=\"201\" srcset=\"https:\/\/dss.irisa.fr\/files\/2015\/10\/workshops.png 503w, https:\/\/dss.irisa.fr\/files\/2015\/10\/workshops-300x120.png 300w, https:\/\/dss.irisa.fr\/files\/2015\/10\/workshops-250x100.png 250w, https:\/\/dss.irisa.fr\/files\/2015\/10\/workshops-150x60.png 150w\" sizes=\"auto, (max-width: 503px) 100vw, 503px\" \/><\/a><\/em><span lang=\"EN\">The workshops will be led by a duo consisting of <strong>a scientific<\/strong> and <strong>an<\/strong> <strong>external<\/strong> <strong>speaker<\/strong>. Particular attention will be paid to users\u2019 needs and expectations, with a focus on businesses. <\/span><\/p>\n<table style=\"height: 659px;\" border=\"0\" width=\"2020\">\n<tbody>\n<tr>\n<td style=\"background-color: #878686; width: 130px; vertical-align: middle;\" colspan=\"6\" width=\"130\">\n<p style=\"text-align: center;\"><span style=\"font-size: 12pt; color: #ffffff;\">THURSDAY 26 NOVEMBER<\/span><\/p>\n<\/td>\n<\/tr>\n<tr>\n<td style=\"width: 130px; vertical-align: middle;\" rowspan=\"4\" width=\"65\">11:15-12:45<\/td>\n<td colspan=\"5\" width=\"65\">Atelier 1 :<span style=\"font-size: 12pt;\"><strong><span style=\"color: #ff6600;\"> <strong><span style=\"color: #ff6600;\">Big data et l\u2019approche syst\u00e9mique des villes<br \/>\n<\/span><\/strong><\/span><\/strong><\/span><strong>Guillaume Lenoel<\/strong>, Dassault Syst\u00e8mes<br \/>\n<strong>J\u00e9r\u00f4me Royan<\/strong>, IRT b&lt;&gt;com<br \/>\n<strong>Bruno Arnaldi<\/strong>, professeur INSA de Rennes<\/p>\n<table>\n<tbody>\n<tr>\n<td style=\"text-align: justify;\">La ville est un syst\u00e8me de plus en plus complexe. Comprendre la ville c\u2019est analyser des donn\u00e9es techniques et soci\u00e9tales, c\u2019est-\u00e0-dire m\u00e9langer les sciences dures et les sciences humaines. La ville \u00e9voque une dimension spatiale et temporelle aux donn\u00e9es qui ouvre de nouveaux champs d\u2019analyse et de visualisation. La g\u00e9n\u00e9ralisation des technologies de r\u00e9alit\u00e9 virtuelle et de r\u00e9alit\u00e9 augment\u00e9e nous permettent d\u00e8s <span id=\"OBJ_PREFIX_DWT1151_com_zimbra_date\" class=\"Object\">aujourd\u2019hui<\/span> de nous immerger dans les maquettes num\u00e9riques de villes afin d\u2019y visualiser la multitude de meta-donn\u00e9es associ\u00e9es. A partir de l\u2019\u00e9tat de maturit\u00e9 des technologies actuelles, nous nous projetterons \u00e0 horizon 2020 afin en imaginant les syst\u00e8mes immersifs de visualisation de ces grandes quantit\u00e9s de donn\u00e9es issues des smart cities. Nous nous int\u00e9resserons aussi dans cet atelier \u00e0 la repr\u00e9sentation des donn\u00e9es li\u00e9es \u00e0 la ville, \u00e0 la gestion de la complexit\u00e9 et aux algorithmes de traitement. Enfin, les techniques permettant le travail collaboratif et les liens avec des simulateurs seront abord\u00e9s.<\/td>\n<\/tr>\n<\/tbody>\n<\/table>\n<\/td>\n<\/tr>\n<tr>\n<td style=\"background-color: #f5f5f5; width: 130px; vertical-align: middle;\" colspan=\"5\" width=\"65\"><span style=\"font-size: 12pt;\">Atelier 2 : <strong><span style=\"color: #ff6600;\">De la bioinformatique aux tiques<\/span><\/strong><\/span><br \/>\n<strong>Fran\u00e7ois Coste<\/strong>, Charg\u00e9 de recherche Inria Rennes-Bretagne Atlantique<br \/>\n<strong>Pierre Peterlongo<\/strong>, Charg\u00e9 de recherche Inria Rennes-Bretagne Atlantique<br \/>\n<strong>Olivier Plantard<\/strong>, Directeur de recherche INRA<\/p>\n<table>\n<tbody>\n<tr>\n<td style=\"text-align: justify;\">La biologie moderne ne peut plus se passer de traitements informatiques afin d&#8217;extraire de l&#8217;information pertinente des masses de donn\u00e9es qu&#8217;elle g\u00e9n\u00e8re, ce qui a donn\u00e9 naissance au domaine de la bioinformatique.<br \/>\nDans cet atelier, nous proposerons une introduction \u00e0 la bioinformatique et un aper\u00e7u de ce qui est fait \u00e0 l&#8217;IRISA dans ce domaine. Nous nous focaliserons ensuite sur une application d\u00e9velopp\u00e9e au sein de l&#8217;\u00e9quipe GenScale permettant l&#8217;identification et l&#8217;interpr\u00e9tation des variations entre les g\u00e9nomes d\u2019individus d\u2019une m\u00eame esp\u00e8ce. \u00c0 travers le t\u00e9moignage d&#8217;Olivier Plantard, Directeur de recherche \u00e0 l&#8217;INRA, nous montrerons un exemple d&#8217;application de cette m\u00e9thode sur des donn\u00e9es r\u00e9elles issues de l&#8217;analyse de la variabiliti\u00e9 du g\u00e9nome des tiques au sein de populations naturelles afin de mieux conna\u00eetre leurs mouvements et ainsi de mieux comprendre l&#8217;\u00e9pid\u00e9miologie des maladies qu&#8217;elles transmettent.<br \/>\nPour en savoir plus sur les travaux de l\u2019IRISA dans ce domaine, consultez la pr\u00e9sentation des \u00e9quipes <span id=\"OBJ_PREFIX_DWT1204_com_zimbra_url\" class=\"Object\"><span id=\"OBJ_PREFIX_DWT1280_com_zimbra_url\" class=\"Object\"><a href=\"https:\/\/team.inria.fr\/genscale\/\" target=\"_blank\">GenScale<\/a><\/span><\/span> et <span id=\"OBJ_PREFIX_DWT1205_com_zimbra_url\" class=\"Object\"><span id=\"OBJ_PREFIX_DWT1281_com_zimbra_url\" class=\"Object\"><a href=\"http:\/\/www.irisa.fr\/dyliss\/\" target=\"_blank\">Dyliss<\/a><\/span><\/span>.<\/td>\n<\/tr>\n<\/tbody>\n<\/table>\n<\/td>\n<\/tr>\n<tr>\n<td style=\"width: 130px; vertical-align: middle;\" colspan=\"5\" width=\"65\">Atelier 3 :<strong><span style=\"color: #ff6600; font-size: 12pt;\"> Protection des donn\u00e9es et des individus<br \/>\n<\/span><\/strong><strong><a href=\"http:\/\/www.irisa.fr\/prive\/sgambs\/\" target=\"_blank\">S\u00e9bastien Gambs<\/a><\/strong>, Research chair in security of information systems, Universit\u00e9 de Rennes 1 \u2013 Inria Rennes-Bretagne Atlantique<\/p>\n<div><strong>S\u00e9bastien Canard<\/strong>, Senior Researcher, Orange Labs Caen<br \/>\n<strong>Roberto Di Pietro<\/strong>, Research Director, Alcatel-Lucent Paris<\/div>\n<table>\n<tbody>\n<tr>\n<td style=\"text-align: justify;\">Le respect de la vie priv\u00e9e est un droit fondamental de tout individu. Cependant, ce droit devient de plus en plus difficile \u00e0 prot\u00e9ger dans notre &#8220;Soci\u00e9t\u00e9 de l&#8217;information&#8221; o\u00f9 chaque individu a de moins en moins de contr\u00f4le sur les donn\u00e9es num\u00e9riques qui le concerne. Dans cet atelier, nous aborderons les probl\u00e9matiques de respect de la vie priv\u00e9e des individus li\u00e9s aux d\u00e9veloppements r\u00e9cents des nouvelles technologies. Afin d&#8217;avoir un panorama relativement complet, nous prendrons \u00e0 la fois le point de vue de l&#8217;adversaire qui souhaite causer un bris de vie priv\u00e9e, et celui du d\u00e9fenseur qui essaye au contraire de mettre en place des technologies de protection de la vie priv\u00e9e. En particulier, nous verrons comment, gr\u00e2ce \u00e0 la cryptographie, il est possible de concevoir des services d\u00e9pendants des donn\u00e9es personnelles d\u2019un individu, tout en r\u00e9duisant au minimum les informations n\u00e9cessaires qui doivent \u00eatre r\u00e9v\u00e9l\u00e9es au fournisseur du service.\u00a0 Enfin, nous nous pencherons plus en profondeur sur les probl\u00e8mes de respect de la vie priv\u00e9e soulev\u00e9s par des th\u00e9matiques \u00e9mergentes telles que le <i>cloud computing<\/i>.<\/td>\n<\/tr>\n<\/tbody>\n<\/table>\n<\/td>\n<\/tr>\n<tr>\n<td style=\"width: 130px; background-color: #f5f5f5; vertical-align: middle;\" colspan=\"4\" width=\"65\">Atelier 4 : <strong><span style=\"color: #ff6600; font-size: 12pt;\">Science des donn\u00e9es et sciences humaines et sociales<br \/>\n<\/span><\/strong><span style=\"color: #000000;\"><span style=\"font-size: 12pt;\"><strong>Olivier Ridoux<\/strong>, Universit\u00e9 de Rennes 1\/IRISA<br \/>\n<strong>Guillaume Aucher<\/strong>, Universit\u00e9 de Rennes 1\/IRISA<\/span><br \/>\n<span style=\"font-size: 12pt;\"><strong>Vincent Merlin<\/strong>, Universit\u00e9 de Caen\/CREM<br \/>\n<strong>Jean-Baptiste Lenhof<\/strong>, ENS Rennes\/DEM<\/span><\/span><\/p>\n<table>\n<tbody>\n<tr>\n<td style=\"text-align: justify;\">L&#8217;atelier propose de r\u00e9fl\u00e9chir aux possibilit\u00e9s de rencontre entre la recherche en informatique, traitement automatique des donn\u00e9es, et la recherche dans les disciplines des Sciences Humaines et Sociales. Deux t\u00e9moignages viendront \u00e9clairer ce projet, l&#8217;un venant du domaine de l&#8217;\u00c9conomie-Gestion et l&#8217;autre du Droit. \u00a0Dans les deux cas, ils illustreront la possibilit\u00e9 et l&#8217;int\u00e9r\u00eat pour deux disciplines r\u00e9put\u00e9es \u00e9loign\u00e9es de traiter de sujets communs. \u00a0Le projet n&#8217;est bien s\u00fbr pas limit\u00e9 aux disciplines concern\u00e9es par ces deux t\u00e9moignages, et les repr\u00e9sentants d&#8217;autres disciplines SHS sont les bienvenus. \u00a0En particulier, le potentiel de collaboration entre informatique et psychologie, g\u00e9ographie, histoire, art et litt\u00e9rature a d\u00e9j\u00e0 connu un d\u00e9but d&#8217;exploration, mais encore trop timide nous semble-t-il.<\/td>\n<\/tr>\n<\/tbody>\n<\/table>\n<\/td>\n<\/tr>\n<tr>\n<td style=\"background-color: #f5f5f5; width: 130px; vertical-align: middle;\" rowspan=\"3\" width=\"65\">15:30-17:00<\/td>\n<td style=\"width: 130px; vertical-align: middle;\" colspan=\"5\" width=\"65\">Atelier 5 :<strong><span style=\"color: #ff6600; font-size: 12pt;\"> Environnements virtuels de recherche : booster ses projets de recherche et la collaboration scientifique<br \/>\n<\/span><\/strong> <strong>Cyril Falentin<\/strong>, INRA UMR IGEPP Le Rheu : Retour d&#8217;exp\u00e9rience sur diff\u00e9rents projets de recherche traitant de Brassica<br \/>\n<strong>Marc Aubry<\/strong>, UR1\/BIOSIT Plateforme G\u00e9nomique Sant\u00e9 Rennes : Plateforme de g\u00e9nomique sant\u00e9 de Villejean, de la gen\u00e8se de la donn\u00e9e \u00e0 son analyse en passant par les aspects gestion de projet et qualit\u00e9<br \/>\n<strong><a href=\"http:\/\/yvanlebras.fr\/page4.html\" target=\"_blank\">Yvan Le Bras<\/a><\/strong>, PhD,\u00a0 IRISA : Les Environnements Virtuels de Recherche : un outil e-Science<br \/>\nFormat table ronde et \u00e9change avec le public.<\/p>\n<table>\n<tbody>\n<tr>\n<td style=\"text-align: justify;\">Les big data sont devenues une probl\u00e9matique inh\u00e9rente \u00e0 tous scientifiques. En plus d\u2019\u00eatre demandeuses en termes de stockage, elles requi\u00e8rent des comp\u00e9tences sp\u00e9cifiques pour leur analyse. Cet atelier pr\u00e9sentera les fonctionnalit\u00e9s de CeSGO, le premier centre e-Science fran\u00e7ais. Destin\u00e9 dans un premier temps aux scientifiques des sciences du vivant et de l\u2019environnent, CeSGO met \u00e0 leur disposition un environnement virtuel de recherche leur donnant acc\u00e8s \u00e0 des outils informatiques simples pour le traitement, l\u2019analyse et la gestion des donn\u00e9es. Mais ses fonctionnalit\u00e9s ont \u00e9galement vocation \u00e0 s\u2019\u00e9tendre \u00e0 d\u2019autres services innovants issus des nouveaux usages des TIC en recherche, tels que la cr\u00e9ation de plans de gestion des donn\u00e9es (Data Management Plan), l&#8217;ouverture aux sciences et donn\u00e9es ouvertes (Open Science \/ Open Data), l&#8217;appui au portage de projets de sciences participatives, la mise \u00e0 disposition de solutions optimisant l&#8217;utilisation des ressources mat\u00e9rielles. Au niveau infrastructure, CeSGO devra faciliter l&#8217;acc\u00e8s aux ressources de calcul, et notamment aux technologies de type grille ou cloud, au niveau r\u00e9gional (ex : IFB-GO), national (ex : Cloud IFB, Grid5000,\u00a0France Grilles) et international (ex : Elixir, &#8230;). Le centre e-science a \u00e9galement pour mission de s&#8217;ouvrir aux communaut\u00e9s des autres disciplines telles que les sciences humaines et sociales et les sciences m\u00e9caniques.<\/td>\n<\/tr>\n<\/tbody>\n<\/table>\n<\/td>\n<\/tr>\n<tr>\n<td style=\"width: 130px; background-color: #f5f5f5; vertical-align: middle;\" colspan=\"5\" width=\"65\">Atelier 6 :<strong><span style=\"font-size: 12pt; color: #ff6600;\"> Science data ecosystem<\/span><\/strong><br \/>\n<strong><a href=\"http:\/\/www.irisa.fr\/myriads\/members\/cmorin\/\" target=\"_blank\">Christine Morin<\/a><\/strong>, directrice de recherche, responsable \u00e9quipe projet commune Myriads, IRISA\/Inria<br \/>\n<strong>Deborah Agarwal<\/strong>, Senior Scientist, Data Science and Technology, Department Head, Lawrence Berkeley National Laboratory and Berkeley Institute for Data Science Senior Fellow<\/p>\n<table>\n<tbody>\n<tr>\n<td style=\"text-align: justify;\">Data produced by scientific instruments (large facilities like telescopes or field data), large-scale experiments, and high-fidelity simulations are increasing in magnitude and complexity.<br \/>\nData analysis methods, tools and infrastructure are needed to provide the complete data management, collaboration, and curation environment suitable to manage these complex, dynamic, and large-scale data analysis ecosystems. During this workshop, methods and techniques developed to overcome the data management challenges faced by scientists from different disciplines will be presented. We will discuss the data management commonalities across various scientific domains and how computer scientists can better work together with other scientists to implement highly usable systems that will accelerate the pace of scientific discoveries. <em>Read more:<\/em> <a href=\"https:\/\/dss.irisa.fr\/files\/2015\/09\/Science_Data_Ecosystem.pdf\" target=\"_blank\">Science Data Ecosystem<\/a><\/td>\n<\/tr>\n<\/tbody>\n<\/table>\n<\/td>\n<\/tr>\n<\/tbody>\n<\/table>\n<table style=\"height: 659px;\" border=\"0\" width=\"2020\">\n<tbody>\n<tr>\n<td style=\"background-color: #878686; width: 130px; vertical-align: middle;\" colspan=\"6\" width=\"130\">\n<p style=\"text-align: center;\"><span style=\"font-size: 12pt; color: #ffffff;\">FRIDAY 27 NOVEMBER<\/span><\/p>\n<\/td>\n<\/tr>\n<tr>\n<td style=\"width: 130px; vertical-align: middle;\" rowspan=\"4\" width=\"65\">10:45-12:15<\/td>\n<td colspan=\"5\" width=\"65\">Atelier 7 :\u00a0<strong><span style=\"color: #ff6600;\">Nouvelles g\u00e9n\u00e9rations de capteurs audiovisuels : les d\u00e9fis de dimensionnalit\u00e9 !<br \/>\n<\/span><\/strong><strong>Nancy Bertin,<\/strong> chercheuse en traitement des signaux audios, \u00e9quipe-projet Panama, CNRS-IRISA<br \/>\n<strong>Aline Roumy<\/strong>, chercheuse en traitement et communication d&#8217;images et de vid\u00e9os, \u00e9quipe-projet Sirocco, INRIA-IRISA<br \/>\n<strong>Fr\u00e9d\u00e9ric Bimbot,<\/strong> chercheur en traitement des signaux audios, \u00e9quipe-projet Panama, CNRS-IRISA<\/p>\n<table>\n<tbody>\n<tr>\n<td style=\"text-align: justify;\">Apr\u00e8s avoir franchi un cap qualitatif gr\u00e2ce \u00e0 l&#8217;image HD, au son multicanal et aux techniques de compression num\u00e9rique, la captation audio &amp; vid\u00e9o s&#8217;achemine vers une nouvelle rupture qualitative et quantitative. Les futurs syst\u00e8mes d&#8217;acquisition multi-capteurs et de diffusion vont r\u00e9volutionner les possibilit\u00e9s et la richesse de l&#8217;exp\u00e9rience utilisateur en offrant \u00e0 celui-ci une capacit\u00e9 d&#8217;interaction in\u00e9dite sur les contenus. Ces \u00e9volutions vont concerner le domaine du divertissement, mais \u00e9galement les applications professionnelles et les syst\u00e8mes de s\u00e9curit\u00e9 des personnes. Cet atelier pr\u00e9sentera les diff\u00e9rents enjeux de cette nouvelle g\u00e9n\u00e9ration de capteurs audiovisuels et les d\u00e9fis technologiques et scientifiques qu&#8217;ils soul\u00e8vent.<\/td>\n<\/tr>\n<\/tbody>\n<\/table>\n<\/td>\n<\/tr>\n<tr>\n<td style=\"background-color: #f5f5f5; width: 130px; vertical-align: middle;\" colspan=\"5\" width=\"65\">Atelier 8 : <span style=\"font-size: 12pt;\"><strong><span style=\"color: #ff6600;\">Big data et observation de la terre<\/span><\/strong><\/span><br \/>\n<strong>S\u00e9bastien Lef\u00e8vre<\/strong>, Professeur des universit\u00e9s UBS, IRISA-OBELIX &#8211; Repr\u00e9sentations arborescentes: un nouveau paradigme pour g\u00e9rer les masses de donn\u00e9es d\u2019Observation de la Terre<br \/>\n<strong>Thomas Corpetti<\/strong>, Directeur de recherche CNRS, LETG-Costel &amp; OSUR &amp; IRISA-OBELIX<br \/>\n<strong>Herv\u00e9 Jeanjean<\/strong>, Expert senior, Coordination de l\u2019Exploitation des Donn\u00e9es en Observation de la Terre &amp; Copernicus, CNES, Toulouse &#8211; Copernicus et le big data : comment tirer b\u00e9n\u00e9fice de ce nouveau paradigme en Europe?<br \/>\n<strong>Christophe Sannier<\/strong>, Responsable R&amp;D, Syst\u00e8mes d\u2019Information \u00e0 R\u00e9f\u00e9rence Spatiale (SIRS), Lille &#8211; Mise en \u0153uvre des services du Copernicus Land Monitoring Services au niveau Europ\u00e9en par une PME<br \/>\n<strong>Dimitri Lague<\/strong>, CR CNRS, OSUR &amp; Geosciences Rennes &#8211; Applications et enjeux autour du traitement des donn\u00e9es topographiques 3D haute d\u00e9finition en Sciences de la Terre<\/p>\n<table>\n<tbody>\n<tr>\n<td style=\"text-align: justify;\">L\u2019arriv\u00e9e de nouveaux satellites d\u2019Observation de la Terre, aux capacit\u00e9s toujours accrues (tr\u00e8s haute r\u00e9solution spatiale, fr\u00e9quence de revisite de quelques jours), coupl\u00e9e \u00e0 de nouvelles modalit\u00e9s d\u2019acc\u00e8s \u00e0 ces donn\u00e9es comme le programme Copernicus de l\u2019Union Europ\u00e9enne, ont fait entrer l\u2019Observation de la Terre dans l\u2019\u00e8re du Big Data. Ce contexte est propice au d\u00e9veloppement de nouveaux usages des donn\u00e9es g\u00e9ospatiales, de nouvelles opportunit\u00e9s de d\u00e9veloppement \u00e9conomique, de nouvelles r\u00e9ponses \u00e0 des probl\u00e9matiques scientifiques. Il est aussi source de nombreux verrous scientifiques et technologiques qui doivent \u00eatre lev\u00e9s pour permettre d\u2019appr\u00e9hender cette masse de donn\u00e9es disponibles. Cet atelier permettra d\u2019aborder la probl\u00e9matique du Big Data en Observation de la Terre au travers de ses diff\u00e9rentes facettes. Il d\u00e9butera par des interventions de sp\u00e9cialistes repr\u00e9sentatifs des domaines concern\u00e9s (agence spatiale, PME, laboratoires en g\u00e9osciences et en informatique) et se poursuivra par une table-ronde avec le public.<\/td>\n<\/tr>\n<\/tbody>\n<\/table>\n<\/td>\n<\/tr>\n<tr>\n<td style=\"width: 130px; vertical-align: middle;\" colspan=\"5\" width=\"65\">Atelier 9 : <strong><span style=\"font-size: 12pt; color: #ff6600;\">Dynamics of social networks<\/span><\/strong><br \/>\n<strong>Guillaume Gravier<\/strong>, Senior Research Scientist CNRS, Team leader LinkMedia IRISA\/Inria<br \/>\n<strong>David Chavalarias<\/strong>, Chercheur CNRS au CAMS et Directeur de l&#8217;Institut des Syst\u00e8mes Complexes, Paris Ile-de-France<br \/>\n<strong>David Gross-Amblard<\/strong>, Professeur des universit\u00e9s en Informatique, IRISA<\/p>\n<table>\n<tbody>\n<tr>\n<td style=\"text-align: justify;\">L&#8217;accroissement exponentiel de la quantit\u00e9 et de la vari\u00e9t\u00e9 d&#8217;information textuelle avec laquelle il nous est donn\u00e9 d&#8217;interagir a permis l&#8217;av\u00e8nement de nouvelles approches des corpus num\u00e9riques, tirant parti de m\u00e9thodes d&#8217;analyse quantitatives et de techniques de visualisation interactive.<br \/>\nL&#8217;application de ces approches aux diff\u00e9rents types de traces laiss\u00e9es par la soci\u00e9t\u00e9 num\u00e9rique (archives scientifiques, presse en ligne, blogs, etc.), agr\u00e9ment\u00e9es d&#8217;outils ad hoc, permet d\u2019appr\u00e9hender les dynamiques sociales et les dynamiques de la connaissance de mani\u00e8re synth\u00e9tique et multi-\u00e9chelle.<br \/>\nA travers diff\u00e9rents exemples de reconstructions de ces dynamiques, nous monterons dans quelle mesure elles peuvent faire l&#8217;objet d&#8217;approches quantitatives et poserons la question de leur pr\u00e9dictibilit\u00e9.<\/td>\n<\/tr>\n<\/tbody>\n<\/table>\n<\/td>\n<\/tr>\n<tr>\n<td style=\"background-color: #f5f5f5; width: 130px; vertical-align: middle;\" colspan=\"5\" width=\"65\">Atelier 10 : <span style=\"font-size: 12pt;\"><strong><span style=\"color: #ff6600;\">Data mining dans l&#8217;industrie : \u00e9tude de cas dans les syst\u00e8mes embarqu\u00e9s<\/span><\/strong><\/span><br \/>\n<strong>Alexandre Termier<\/strong>, Professeur, Universit\u00e9 de Rennes 1<br \/>\n<strong>Miguel Santana<\/strong>, Software Development Tools Manager, STMicroelectronics<\/p>\n<table>\n<tbody>\n<tr>\n<td style=\"text-align: justify;\">Le centre STMicroelectronics de Grenoble\/Crolles a des relations anciennes et soutenues avec les chercheurs, en particulier dans le domaine du data mining. Les organisateurs de cet atelier travaillent au d\u00e9veloppement de techniques de data mining adapt\u00e9es au d\u00e9buggage des syst\u00e8mes embarqu\u00e9s. Apr\u00e8s un retour sur leur collaboration, l\u2019atelier sera une occasion de r\u00e9fl\u00e9chir sur la \u00ab\u00a0cross-fertilization\u00a0\u00bb entre probl\u00e9matiques de recherche et probl\u00e9matiques industrielles.<\/td>\n<\/tr>\n<\/tbody>\n<\/table>\n<\/td>\n<\/tr>\n<\/tbody>\n<\/table>\n<p>&nbsp;<\/p>","protected":false},"excerpt":{"rendered":"<p>The workshops will be led by a duo consisting of a scientific and an external speaker. Particular attention will be paid to users\u2019 needs and expectations, with a focus on businesses. THURSDAY 26 NOVEMBER 11:15-12:45 Atelier 1 : Big data et l\u2019approche syst\u00e9mique des villes Guillaume Lenoel, Dassault Syst\u00e8mes J\u00e9r\u00f4me Royan, IRT b&lt;&gt;com Bruno Arnaldi, professeur INSA de Rennes La ville est un syst\u00e8me de plus en plus complexe. Comprendre la ville c\u2019est analyser des donn\u00e9es techniques et soci\u00e9tales, c\u2019est-\u00e0-dire m\u00e9langer les sciences dures et les sciences humaines. La ville \u00e9voque une dimension spatiale et temporelle aux donn\u00e9es qui ouvre de nouveaux champs d\u2019analyse et de visualisation. La g\u00e9n\u00e9ralisation des technologies de r\u00e9alit\u00e9 virtuelle et de r\u00e9alit\u00e9 augment\u00e9e nous permettent d\u00e8s aujourd\u2019hui de nous immerger dans les maquettes num\u00e9riques de villes afin d\u2019y visualiser la multitude de meta-donn\u00e9es associ\u00e9es. A partir de l\u2019\u00e9tat de maturit\u00e9 des technologies actuelles, nous nous projetterons \u00e0 horizon 2020 afin en imaginant les syst\u00e8mes immersifs de visualisation de ces grandes quantit\u00e9s de donn\u00e9es issues des smart cities. Nous nous int\u00e9resserons aussi dans cet atelier \u00e0 la repr\u00e9sentation des donn\u00e9es li\u00e9es \u00e0 la ville, \u00e0 la gestion de la complexit\u00e9 et aux algorithmes de traitement. Enfin, \u2026<\/p>\n<p class=\"continue-reading-button\"> <a class=\"continue-reading-link\" href=\"https:\/\/dss.irisa.fr\/en\/english-workshops\/\">Lire la suite \/ Continue reading<i class=\"crycon-right-dir\"><\/i><\/a><\/p>\n","protected":false},"author":831,"featured_media":0,"parent":0,"menu_order":0,"comment_status":"closed","ping_status":"closed","template":"","meta":{"footnotes":""},"class_list":["post-187","page","type-page","status-publish","hentry"],"_links":{"self":[{"href":"https:\/\/dss.irisa.fr\/en\/wp-json\/wp\/v2\/pages\/187","targetHints":{"allow":["GET"]}}],"collection":[{"href":"https:\/\/dss.irisa.fr\/en\/wp-json\/wp\/v2\/pages"}],"about":[{"href":"https:\/\/dss.irisa.fr\/en\/wp-json\/wp\/v2\/types\/page"}],"author":[{"embeddable":true,"href":"https:\/\/dss.irisa.fr\/en\/wp-json\/wp\/v2\/users\/831"}],"replies":[{"embeddable":true,"href":"https:\/\/dss.irisa.fr\/en\/wp-json\/wp\/v2\/comments?post=187"}],"version-history":[{"count":149,"href":"https:\/\/dss.irisa.fr\/en\/wp-json\/wp\/v2\/pages\/187\/revisions"}],"predecessor-version":[{"id":750,"href":"https:\/\/dss.irisa.fr\/en\/wp-json\/wp\/v2\/pages\/187\/revisions\/750"}],"wp:attachment":[{"href":"https:\/\/dss.irisa.fr\/en\/wp-json\/wp\/v2\/media?parent=187"}],"curies":[{"name":"wp","href":"https:\/\/api.w.org\/{rel}","templated":true}]}}