

{"id":212,"date":"2015-10-06T10:16:17","date_gmt":"2015-10-06T10:16:17","guid":{"rendered":"https:\/\/dss.irisa.fr\/?page_id=212"},"modified":"2016-01-07T10:28:33","modified_gmt":"2016-01-07T10:28:33","slug":"programme","status":"publish","type":"page","link":"https:\/\/dss.irisa.fr\/en\/programme\/","title":{"rendered":"PROGRAMME"},"content":{"rendered":"<p><em><a href=\"https:\/\/dss.irisa.fr\/files\/2015\/10\/programme.png\"><img loading=\"lazy\" decoding=\"async\" class=\"  wp-image-325 alignleft\" src=\"https:\/\/dss.irisa.fr\/files\/2015\/10\/programme.png\" alt=\"programme\" width=\"355\" height=\"141\" srcset=\"https:\/\/dss.irisa.fr\/files\/2015\/10\/programme.png 509w, https:\/\/dss.irisa.fr\/files\/2015\/10\/programme-300x119.png 300w, https:\/\/dss.irisa.fr\/files\/2015\/10\/programme-250x99.png 250w, https:\/\/dss.irisa.fr\/files\/2015\/10\/programme-150x60.png 150w, https:\/\/dss.irisa.fr\/files\/2015\/10\/programme-503x201.png 503w\" sizes=\"auto, (max-width: 355px) 100vw, 355px\" \/><\/a><\/em><strong><span style=\"color: #ff6600;\">Programme co-chairs<\/span><\/strong><br \/>\n<strong>Jean-Marc J\u00e9z\u00e9quel<\/strong>, Professor at Rennes 1 University and IRISA Director<br \/>\n<strong>Bruno Arnaldi<\/strong>, Professor at INSA Rennes and IRISA Deputy Director<\/p>\n<p><strong><span style=\"color: #ff6600;\">Place:<\/span><\/strong> Inria Convention centre, Rennes, France<\/p>\n<p><em>Visit the\u00a0<\/em><a href=\"https:\/\/dss.irisa.fr\/en\/english-keynote-speakers\/\" target=\"_blank\">KENOTE SPEAKERS<\/a><em> and <\/em><a href=\"https:\/\/dss.irisa.fr\/en\/english-workshops\/\">WOKSHOPS<\/a><em> pages to learn more about the content.<br \/>\n<\/em>The presentations written in English will be held in English. Likewise for those written in French.<em><span style=\"color: #008000;\"><br \/>\n<img loading=\"lazy\" decoding=\"async\" class=\"  alignleft wp-image-379\" style=\"border-width: 0px; margin: 0px 5px;\" src=\"https:\/\/dss.irisa.fr\/files\/2015\/10\/keynoteTalk-295x300.png\" alt=\"keynoteTalk\" width=\"44\" height=\"46\" srcset=\"https:\/\/dss.irisa.fr\/files\/2015\/10\/keynoteTalk-295x300.png 295w, https:\/\/dss.irisa.fr\/files\/2015\/10\/keynoteTalk-147x150.png 147w, https:\/\/dss.irisa.fr\/files\/2015\/10\/keynoteTalk.png 405w\" sizes=\"auto, (max-width: 44px) 100vw, 44px\" \/>Keynote talk\u00a0\u00a0 <a href=\"https:\/\/dss.irisa.fr\/files\/2015\/10\/video1.png\"><img loading=\"lazy\" decoding=\"async\" class=\"alignnone wp-image-762\" src=\"https:\/\/dss.irisa.fr\/files\/2015\/10\/video1.png\" alt=\"video\" width=\"35\" height=\"29\" \/><\/a><span style=\"color: #ff6600;\">\u00a0 Vid\u00e9os<\/span><\/span><br \/>\n<\/em><\/p>\n<table style=\"height: 339px;\" border=\"0\" width=\"2020\">\n<tbody>\n<tr>\n<td style=\"background-color: #878686; width: 130px; vertical-align: middle;\" colspan=\"6\" width=\"130\">\n<p style=\"text-align: center;\"><span style=\"font-size: 12pt; color: #ffffff;\">THURSDAY 26 NOVEMBER<\/span><\/p>\n<\/td>\n<\/tr>\n<tr>\n<td style=\"width: 65px; vertical-align: middle;\" width=\"65\">9:00<\/td>\n<td style=\"width: 130px; vertical-align: middle;\" colspan=\"5\" width=\"65\">Welcome coffee &amp; registration<\/td>\n<\/tr>\n<tr>\n<td style=\"width: 65px; background-color: #f5f5f5; vertical-align: middle;\" width=\"65\">9:30<\/td>\n<td style=\"background-color: #f5f5f5; width: 130px; vertical-align: middle;\" colspan=\"5\" width=\"65\">Welcome &amp; opening day 1 &#8211; Jean-Marc JEZEQUEL &amp; Bruno ARNALDI<\/td>\n<\/tr>\n<tr>\n<td style=\"width: 65px; vertical-align: middle;\" width=\"65\">9:45<\/td>\n<td style=\"width: 130px; vertical-align: middle;\" colspan=\"5\" width=\"65\"><em><span style=\"color: #008000;\"><img loading=\"lazy\" decoding=\"async\" class=\"  alignleft wp-image-379\" style=\"border-width: 0px; margin: 0px 5px 0px 5px;\" src=\"https:\/\/dss.irisa.fr\/files\/2015\/10\/keynoteTalk-295x300.png\" alt=\"keynoteTalk\" width=\"44\" height=\"46\" srcset=\"https:\/\/dss.irisa.fr\/files\/2015\/10\/keynoteTalk-295x300.png 295w, https:\/\/dss.irisa.fr\/files\/2015\/10\/keynoteTalk-147x150.png 147w, https:\/\/dss.irisa.fr\/files\/2015\/10\/keynoteTalk.png 405w\" sizes=\"auto, (max-width: 44px) 100vw, 44px\" \/><\/span><\/em><strong>Towards fault-tolerant, consistent and private big data management in the cloud<\/strong><br \/>\nAmr EL ABBADI &#8211; <em>University of California, Santa Barbara<br \/>\n<a href=\"https:\/\/dss.irisa.fr\/files\/2015\/10\/video1.png\"><img loading=\"lazy\" decoding=\"async\" class=\"alignleft wp-image-762\" src=\"https:\/\/dss.irisa.fr\/files\/2015\/10\/video1.png\" alt=\"video\" width=\"35\" height=\"29\" \/><\/a>\u2022 <a href=\"http:\/\/www.irisa.fr\/DataScienceSymposium\/video\/intro-keynoteAmrElAbaddi.mp4\" target=\"_blank\">Speech introduction<\/a> \u00a0\u00a0 \u2022 <a href=\"http:\/\/www.irisa.fr\/DataScienceSymposium\/video\/expose-%20keynoteAmrElAbaddi.mp4\" target=\"_blank\">Presentation<\/a> \u00a0\u00a0 \u2022 <a href=\"http:\/\/www.irisa.fr\/DataScienceSymposium\/video\/questions-keynoteAmrElAbaddi.mp4\" target=\"_blank\">Questions <\/a><br \/>\n<\/em><\/td>\n<\/tr>\n<tr>\n<td style=\"width: 65px; background-color: #f5f5f5; vertical-align: middle;\" width=\"65\">10:45<\/td>\n<td style=\"background-color: #f5f5f5; width: 130px; vertical-align: middle;\" colspan=\"5\" width=\"65\">Coffee break<\/td>\n<\/tr>\n<tr>\n<td style=\"width: 65px; vertical-align: middle;\" width=\"65\">11:15<\/td>\n<td style=\"width: 130px; vertical-align: middle;\" colspan=\"5\" width=\"65\">Workshop 1: <strong>Big data et l\u2019approche syst\u00e9mique des villes<br \/>\n<\/strong>Workshop 2:<strong> De la bioinformatique aux tiques <\/strong><strong><br \/>\n<\/strong>Workshop 3:\u00a0<strong>Protection des donn\u00e9es et des individus<br \/>\n<\/strong>Workshop 4:<strong> Science des donn\u00e9es et sciences humaines et sociales<br \/>\n<\/strong><\/td>\n<\/tr>\n<tr>\n<td style=\"width: 65px; background-color: #f5f5f5; vertical-align: middle;\" width=\"65\">12:45<\/td>\n<td style=\"background-color: #f5f5f5; width: 130px; vertical-align: middle;\" colspan=\"5\" width=\"65\">Buffet lunch<\/td>\n<\/tr>\n<tr>\n<td style=\"width: 65px; vertical-align: middle;\" width=\"65\">14:00<\/td>\n<td style=\"width: 130px; vertical-align: middle;\" colspan=\"5\" width=\"65\"><em><span style=\"color: #008000;\"><img loading=\"lazy\" decoding=\"async\" class=\"  alignleft wp-image-379\" style=\"border-width: 0px; margin: 0px 5px 0px 5px;\" src=\"https:\/\/dss.irisa.fr\/files\/2015\/10\/keynoteTalk-295x300.png\" alt=\"keynoteTalk\" width=\"44\" height=\"46\" srcset=\"https:\/\/dss.irisa.fr\/files\/2015\/10\/keynoteTalk-295x300.png 295w, https:\/\/dss.irisa.fr\/files\/2015\/10\/keynoteTalk-147x150.png 147w, https:\/\/dss.irisa.fr\/files\/2015\/10\/keynoteTalk.png 405w\" sizes=\"auto, (max-width: 44px) 100vw, 44px\" \/><\/span><\/em><strong>Emerging challenges in data science to support science<\/strong><br \/>\nDeborah AGARWAL &#8211; <em>Lawrence Berkeley National Laboratory<br \/>\n<a href=\"https:\/\/dss.irisa.fr\/files\/2015\/10\/video1.png\"><img loading=\"lazy\" decoding=\"async\" class=\"alignleft wp-image-762\" src=\"https:\/\/dss.irisa.fr\/files\/2015\/10\/video1.png\" alt=\"video\" width=\"35\" height=\"29\" \/><\/a>\u2022\u00a0<a href=\"http:\/\/www.irisa.fr\/DataScienceSymposium\/video\/intro-keynoteDebAgarwal.mp4\" target=\"_blank\">Speech introduction<\/a> \u00a0\u00a0 \u2022\u00a0<a href=\"http:\/\/www.irisa.fr\/DataScienceSymposium\/video\/expose-keynoteDebAgarwal.mp4\" target=\"_blank\">Presentation<\/a> \u00a0\u00a0 \u2022 <a href=\"http:\/\/www.irisa.fr\/DataScienceSymposium\/video\/questions-keynoteDebAgarwal.mp4\" target=\"_blank\">Questions<\/a><br \/>\n<\/em><\/td>\n<\/tr>\n<tr>\n<td style=\"width: 65px; background-color: #f5f5f5; vertical-align: middle;\" width=\"65\">15:00<\/td>\n<td style=\"background-color: #f5f5f5; width: 130px; vertical-align: middle;\" colspan=\"5\" width=\"65\">Coffee break<\/td>\n<\/tr>\n<tr>\n<td style=\"width: 65px; vertical-align: middle;\" width=\"65\">15:30<\/td>\n<td style=\"width: 130px; vertical-align: middle;\" colspan=\"5\" width=\"65\">Workshop 5<strong>:<\/strong> <strong>Environnements virtuels de recherche : booster ses projets de recherche et la collaboration scientifique <\/strong><strong><br \/>\n<\/strong>Workshop 6:<strong> Science data ecosystem<br \/>\n<\/strong><\/td>\n<\/tr>\n<tr>\n<td style=\"width: 65px; background-color: #f5f5f5; vertical-align: middle;\" width=\"65\">17:00<\/td>\n<td style=\"background-color: #f5f5f5; width: 130px; vertical-align: middle;\" colspan=\"5\" width=\"65\">\n<div id=\"OutputArea\" class=\"en\">\n<div id=\"OutputText\" class=\"Wrap\" tabindex=\"99999\">\n<div><span id=\"noHighlight_0.8609298657445728\">All groups convene back in the amphitheatre<br \/>\n<\/span><\/div>\n<\/div>\n<\/div>\n<\/td>\n<\/tr>\n<tr>\n<td style=\"width: 65px; vertical-align: middle;\" width=\"65\">17:15<\/td>\n<td style=\"width: 130px; vertical-align: middle;\" colspan=\"5\" width=\"65\">\n<div id=\"OutputArea\" class=\"en\">\n<div id=\"OutputText\" class=\"Wrap\" tabindex=\"99999\">\n<div><span id=\"ouHighlight__0_10TO0_5\" class=\"\"><\/span><span id=\"noHighlight_0.2679638418290672\"><span id=\"ouHighlight__0_10TO0_5\" class=\"\">W<\/span><span id=\"noHighlight_0.2679638418290672\">orkshops feedback &amp; Closing speech<br \/>\n<\/span><\/span><\/div>\n<\/div>\n<\/div>\n<\/td>\n<\/tr>\n<tr>\n<td style=\"width: 65px; background-color: #f5f5f5; vertical-align: middle;\" width=\"65\">18:30<\/td>\n<td style=\"background-color: #f5f5f5; width: 130px; vertical-align: middle;\" colspan=\"5\" width=\"65\">End of day 1<\/td>\n<\/tr>\n<\/tbody>\n<\/table>\n<table style=\"height: 494px;\" width=\"1350\">\n<tbody>\n<tr>\n<td style=\"background-color: #878686; width: 130px; text-align: center;\" colspan=\"6\" width=\"130\"><span style=\"font-size: 12pt; color: #ffffff;\">FRIDAY 27 NOVEMBER<\/span><\/td>\n<\/tr>\n<tr>\n<td style=\"width: 65px; vertical-align: middle;\" width=\"65\">9:00<\/td>\n<td style=\"width: 65px; vertical-align: middle;\" colspan=\"5\" width=\"65\">Welcome &amp; opening day 2<\/td>\n<\/tr>\n<tr>\n<td style=\"width: 65px; background-color: #f5f5f5; vertical-align: middle;\" width=\"65\">9:15<\/td>\n<td style=\"width: 65px; background-color: #f5f5f5; vertical-align: middle;\" colspan=\"5\" width=\"65\"><em><span style=\"color: #008000;\"><img loading=\"lazy\" decoding=\"async\" class=\"  alignleft wp-image-379\" style=\"border-width: 0px; margin: 0px 5px 0px 5px;\" src=\"https:\/\/dss.irisa.fr\/files\/2015\/10\/keynoteTalk-295x300.png\" alt=\"keynoteTalk\" width=\"44\" height=\"46\" srcset=\"https:\/\/dss.irisa.fr\/files\/2015\/10\/keynoteTalk-295x300.png 295w, https:\/\/dss.irisa.fr\/files\/2015\/10\/keynoteTalk-147x150.png 147w, https:\/\/dss.irisa.fr\/files\/2015\/10\/keynoteTalk.png 405w\" sizes=\"auto, (max-width: 44px) 100vw, 44px\" \/><\/span><\/em><strong>Toward personal knowledge bases<\/strong><br \/>\nSerge ABITEBOUL &#8211; <em>NRIA, ENS Cachan<br \/>\n<a href=\"https:\/\/dss.irisa.fr\/files\/2015\/10\/video1.png\"><img loading=\"lazy\" decoding=\"async\" class=\"alignleft wp-image-762\" src=\"https:\/\/dss.irisa.fr\/files\/2015\/10\/video1.png\" alt=\"video\" width=\"35\" height=\"29\" \/><\/a>\u2022 <a href=\"http:\/\/www.irisa.fr\/DataScienceSymposium\/video\/intro-keynoteSergeAbiteboul.mp4\" target=\"_blank\">Speech introduction<\/a> \u00a0\u00a0 \u2022 <a href=\"http:\/\/www.irisa.fr\/DataScienceSymposium\/video\/expose-keynoteSergeAbiteboul.mp4\" target=\"_blank\">Presentation<\/a> \u00a0\u00a0 \u2022 <a href=\"http:\/\/www.irisa.fr\/DataScienceSymposium\/video\/questions-keynoteSergeAbiteboul.mp4\" target=\"_blank\">Questions<\/a><br \/>\n<\/em><\/td>\n<\/tr>\n<tr>\n<td style=\"width: 65px; vertical-align: middle;\" width=\"65\">10:15<\/td>\n<td style=\"width: 65px; vertical-align: middle;\" colspan=\"5\" width=\"65\">Coffee break<\/td>\n<\/tr>\n<tr>\n<td style=\"width: 65px; background-color: #f5f5f5; vertical-align: middle;\" width=\"65\">10:45<\/td>\n<td style=\"width: 65px; background-color: #f5f5f5; vertical-align: middle;\" colspan=\"5\" width=\"65\">Workshop 7: <strong>Nouvelles g\u00e9n\u00e9rations de capteurs audiovisuels : les d\u00e9fis de dimensionnalit\u00e9 !<\/strong><br \/>\nWorkshop 8: <strong>Big data et observation de la terre <\/strong><strong><br \/>\n<\/strong>Workshop 9: <strong>Dynamics of social networks<\/strong><strong><br \/>\n<\/strong>Workshop 10:<strong> Data mining et industrie : \u00e9tude de cas dans les syst\u00e8mes embarqu\u00e9s<\/strong><\/td>\n<\/tr>\n<tr>\n<td style=\"width: 65px; vertical-align: middle;\" width=\"65\">12:15<\/td>\n<td style=\"width: 65px; vertical-align: middle;\" colspan=\"5\" width=\"65\">Buffet lunch<\/td>\n<\/tr>\n<tr>\n<td style=\"width: 65px; background-color: #f5f5f5; vertical-align: middle;\" width=\"65\">13:45<\/td>\n<td style=\"width: 65px; background-color: #f5f5f5; vertical-align: middle;\" colspan=\"5\" width=\"65\"><em><span style=\"color: #008000;\"><img loading=\"lazy\" decoding=\"async\" class=\"  alignleft wp-image-379\" style=\"border-width: 0px; margin: 0px 5px 0px 5px;\" src=\"https:\/\/dss.irisa.fr\/files\/2015\/10\/keynoteTalk-295x300.png\" alt=\"keynoteTalk\" width=\"44\" height=\"46\" srcset=\"https:\/\/dss.irisa.fr\/files\/2015\/10\/keynoteTalk-295x300.png 295w, https:\/\/dss.irisa.fr\/files\/2015\/10\/keynoteTalk-147x150.png 147w, https:\/\/dss.irisa.fr\/files\/2015\/10\/keynoteTalk.png 405w\" sizes=\"auto, (max-width: 44px) 100vw, 44px\" \/><\/span><\/em><strong>The Planck data processing pipeline: how to image our Universe in its infancy (and why)<\/strong><br \/>\nJean-Fran\u00e7ois CARDOSO &#8211; <em>LTCI, T\u00e9l\u00e9com ParisTech\/CNRS<br \/>\n<a href=\"https:\/\/dss.irisa.fr\/files\/2015\/10\/video1.png\"><img loading=\"lazy\" decoding=\"async\" class=\"alignleft wp-image-762\" src=\"https:\/\/dss.irisa.fr\/files\/2015\/10\/video1.png\" alt=\"video\" width=\"35\" height=\"29\" \/><\/a>\u2022 <a href=\"http:\/\/www.irisa.fr\/DataScienceSymposium\/video\/expose-keynoteJFCardoso.mp4\" target=\"_blank\">Presentation<\/a> \u00a0\u00a0 \u2022 <a href=\"http:\/\/www.irisa.fr\/DataScienceSymposium\/video\/http:\/\/www.irisa.fr\/DataScienceSymposium\/video\/questions-keynoteJFCardoso.mp4\" target=\"_blank\">Questions<\/a><br \/>\n<\/em><\/td>\n<\/tr>\n<tr>\n<td style=\"width: 65px; vertical-align: middle;\" width=\"65\">14:45<\/td>\n<td style=\"width: 65px; vertical-align: middle;\" colspan=\"5\" width=\"65\">Coffee break<\/td>\n<\/tr>\n<tr>\n<td style=\"width: 65px; background-color: #f5f5f5; vertical-align: middle;\" width=\"65\">15:00<\/td>\n<td style=\"width: 65px; background-color: #f5f5f5; vertical-align: middle;\" colspan=\"5\" width=\"65\">\n<div id=\"OutputArea\" class=\"en\">\n<div id=\"OutputText\" class=\"Wrap\" tabindex=\"99999\">\n<div><span id=\"ouHighlight__0_10TO0_5\" class=\"\">W<\/span><span id=\"noHighlight_0.2679638418290672\">orkshops feedback &amp; Closing speech<br \/>\n<\/span><\/div>\n<\/div>\n<\/div>\n<\/td>\n<\/tr>\n<tr>\n<td style=\"width: 65px; vertical-align: middle;\" width=\"65\">16:00<\/td>\n<td style=\"width: 65px; vertical-align: middle;\" colspan=\"5\" width=\"65\">End of event<\/td>\n<\/tr>\n<\/tbody>\n<\/table>\n<p><\/p>","protected":false},"excerpt":{"rendered":"<p>Programme co-chairs Jean-Marc J\u00e9z\u00e9quel, Professor at Rennes 1 University and IRISA Director Bruno Arnaldi, Professor at INSA Rennes and IRISA Deputy Director Place: Inria Convention centre, Rennes, France Visit the\u00a0KENOTE SPEAKERS and WOKSHOPS pages to learn more about the content. The presentations written in English will be held in English. Likewise for those written in French. Keynote talk\u00a0\u00a0 \u00a0 Vid\u00e9os THURSDAY 26 NOVEMBER 9:00 Welcome coffee &amp; registration 9:30 Welcome &amp; opening day 1 &#8211; Jean-Marc JEZEQUEL &amp; Bruno ARNALDI 9:45 Towards fault-tolerant, consistent and private big data management in the cloud Amr EL ABBADI &#8211; University of California, Santa Barbara \u2022 Speech introduction \u00a0\u00a0 \u2022 Presentation \u00a0\u00a0 \u2022 Questions 10:45 Coffee break 11:15 Workshop 1: Big data et l\u2019approche syst\u00e9mique des villes Workshop 2: De la bioinformatique aux tiques Workshop 3:\u00a0Protection des donn\u00e9es et des individus Workshop 4: Science des donn\u00e9es et sciences humaines et sociales 12:45 Buffet lunch 14:00 Emerging challenges in data science to support science Deborah AGARWAL &#8211; Lawrence Berkeley National Laboratory \u2022\u00a0Speech introduction \u00a0\u00a0 \u2022\u00a0Presentation \u00a0\u00a0 \u2022 Questions 15:00 Coffee break 15:30 Workshop 5: Environnements virtuels de recherche : booster ses projets de recherche et la collaboration scientifique Workshop 6: Science data ecosystem 17:00 All \u2026<\/p>\n<p class=\"continue-reading-button\"> <a class=\"continue-reading-link\" href=\"https:\/\/dss.irisa.fr\/en\/programme\/\">Lire la suite \/ Continue reading<i class=\"crycon-right-dir\"><\/i><\/a><\/p>\n","protected":false},"author":831,"featured_media":0,"parent":0,"menu_order":0,"comment_status":"closed","ping_status":"closed","template":"","meta":{"footnotes":""},"class_list":["post-212","page","type-page","status-publish","hentry"],"_links":{"self":[{"href":"https:\/\/dss.irisa.fr\/en\/wp-json\/wp\/v2\/pages\/212","targetHints":{"allow":["GET"]}}],"collection":[{"href":"https:\/\/dss.irisa.fr\/en\/wp-json\/wp\/v2\/pages"}],"about":[{"href":"https:\/\/dss.irisa.fr\/en\/wp-json\/wp\/v2\/types\/page"}],"author":[{"embeddable":true,"href":"https:\/\/dss.irisa.fr\/en\/wp-json\/wp\/v2\/users\/831"}],"replies":[{"embeddable":true,"href":"https:\/\/dss.irisa.fr\/en\/wp-json\/wp\/v2\/comments?post=212"}],"version-history":[{"count":163,"href":"https:\/\/dss.irisa.fr\/en\/wp-json\/wp\/v2\/pages\/212\/revisions"}],"predecessor-version":[{"id":778,"href":"https:\/\/dss.irisa.fr\/en\/wp-json\/wp\/v2\/pages\/212\/revisions\/778"}],"wp:attachment":[{"href":"https:\/\/dss.irisa.fr\/en\/wp-json\/wp\/v2\/media?parent=212"}],"curies":[{"name":"wp","href":"https:\/\/api.w.org\/{rel}","templated":true}]}}